{"id":1847,"date":"2026-04-01T15:46:17","date_gmt":"2026-04-01T13:46:17","guid":{"rendered":"https:\/\/buy-italia.com\/it\/prodotto\/tenuta-fontenuova-3\/"},"modified":"2026-04-01T15:46:17","modified_gmt":"2026-04-01T13:46:17","slug":"tenuta-fontenuova-3","status":"publish","type":"product","link":"https:\/\/buy-italia.com\/it\/prodotto\/tenuta-fontenuova-3\/","title":{"rendered":"Tenuta Fontenuova"},"content":{"rendered":"<p>La mia passione per il vino ha radici lontane. Mi sono state tramandate da nonno Giuseppe, del quale porto il nome, e soprattutto da pap\u00e0 Francesco, che ha sempre creduto nelle mie potenzialit\u00e0. Ho lavorato al suo fianco per 20 anni, nell\u2019azienda di famiglia, formandomi come uomo e come imprenditore. Ho fatto tesoro dei suoi insegnamenti che mi hanno dato la forza necessaria a creare, nel 2012, l\u2019azienda Tenuta Fontenuova, con il desiderio di trasmettere ai miei figli la stessa passione. Tenuta Fontenuova inizialmente, con i suoi 8 ettari, si \u00e8 dedicata alla coltivazione di vigneti e produzione di uva, Negli ultimi anni \u00e8 cresciuta fino ad arrivare agli attuali 20 ettari, una crescita incentrata su una viticoltura di qualit\u00e0, moderna, nel pieno rispetto dell\u2019ambiente e della tradizione.\u00a0\u00a0Tutto questo \u00e8 stato possibile grazie all\u2019aiuto prezioso delle mie sorelle, Maria Pia ed Elisa, che fungono da consigliere fondamentali per affrontare le sfide attuali e future. I nostri vigneti si estendono nel comune di Montepulciano, all\u2019interno della zona D.O.C.G..I terreni sono di medio impasto, a strati: argilloso, renoso, tufaceo.<br \/>\nGodono di un\u2019ottima esposizione, che favorisce una maturazione ottimale delle uve, La variet\u00e0 locale per eccellenza, il Sangiovese, conosciuto nel territorio di Montepulciano come Prugnolo Gentile, costituisce la quasi totalit\u00e0 dei nostri vigneti. Abbiamo una piccola produzione di Canaiolo, Vermentino e Ansonica. Inoltre, sono state impiantate variet\u00e0 internazionali, come il Cabernet Sauvignon e il Merlot. La nostra cantina, recentemente ristrutturata, rappresenta la fusione perfetta tra tradizione e innovazione. Qui, le uve selezionate prendono il loro percorso verso l\u2019eccellenza. Disponiamo di moderne vasche di fermentazione in acciaio e cemento, che permettono un controllo preciso della temperatura e una pulizia impeccabile. Allo stesso tempo, manteniamo la tradizione enologica toscana con l\u2019uso di tini in legno, che conferiscono ai nostri vini un carattere distintivo. Siamo orgogliosi di portare avanti una tradizione secolare nella produzione di Vino Nobile di Montepulciano, un vino di prestigio e raffinatezza.<\/p>","protected":false},"excerpt":{"rendered":"<p>La mia passione per il vino ha radici lontane. Mi sono state tramandate da nonno Giuseppe, del quale porto il nome, e soprattutto da pap\u00e0 Francesco, che ha sempre creduto nelle mie potenzialit\u00e0. Ho lavorato al suo fianco per 20 anni, nell\u2019azienda di famiglia, formandomi come uomo e come imprenditore. Ho fatto tesoro dei suoi [&hellip;]<\/p>\n","protected":false},"featured_media":0,"template":"","meta":[],"product_brand":[],"product_cat":[20],"product_tag":[],"class_list":{"0":"post-1847","1":"product","2":"type-product","3":"status-publish","5":"product_cat-listeo-booking","7":"first","8":"instock","9":"downloadable","10":"virtual","11":"sold-individually","12":"purchasable","13":"product-type-listing_booking"},"_links":{"self":[{"href":"https:\/\/buy-italia.com\/it\/wp-json\/wp\/v2\/product\/1847","targetHints":{"allow":["GET"]}}],"collection":[{"href":"https:\/\/buy-italia.com\/it\/wp-json\/wp\/v2\/product"}],"about":[{"href":"https:\/\/buy-italia.com\/it\/wp-json\/wp\/v2\/types\/product"}],"wp:attachment":[{"href":"https:\/\/buy-italia.com\/it\/wp-json\/wp\/v2\/media?parent=1847"}],"wp:term":[{"taxonomy":"product_brand","embeddable":true,"href":"https:\/\/buy-italia.com\/it\/wp-json\/wp\/v2\/product_brand?post=1847"},{"taxonomy":"product_cat","embeddable":true,"href":"https:\/\/buy-italia.com\/it\/wp-json\/wp\/v2\/product_cat?post=1847"},{"taxonomy":"product_tag","embeddable":true,"href":"https:\/\/buy-italia.com\/it\/wp-json\/wp\/v2\/product_tag?post=1847"}],"curies":[{"name":"wp","href":"https:\/\/api.w.org\/{rel}","templated":true}]}}